{"id":371,"date":"2021-02-09T14:17:24","date_gmt":"2021-02-09T13:17:24","guid":{"rendered":"https:\/\/traiteur-saveursetgourmandises.fr\/?page_id=371"},"modified":"2023-02-07T15:04:47","modified_gmt":"2023-02-07T14:04:47","slug":"a-emporter","status":"publish","type":"page","link":"https:\/\/traiteur-saveursetgourmandises.fr\/index.php\/a-emporter\/","title":{"rendered":"A Emporter"},"content":{"rendered":"\t\t<div data-elementor-type=\"wp-page\" data-elementor-id=\"371\" class=\"elementor elementor-371\">\n\t\t\t\t\t\t<section class=\"elementor-section elementor-top-section elementor-element elementor-element-249f7a2f elementor-section-stretched elementor-section-full_width elementor-section-height-default elementor-section-height-default\" data-id=\"249f7a2f\" data-element_type=\"section\" data-settings=\"{&quot;background_background&quot;:&quot;slideshow&quot;,&quot;stretch_section&quot;:&quot;section-stretched&quot;,&quot;background_slideshow_gallery&quot;:[{&quot;id&quot;:384,&quot;url&quot;:&quot;https:\\\/\\\/traiteur-saveursetgourmandises.fr\\\/wp-content\\\/uploads\\\/2021\\\/02\\\/burger2.jpg&quot;},{&quot;id&quot;:383,&quot;url&quot;:&quot;https:\\\/\\\/traiteur-saveursetgourmandises.fr\\\/wp-content\\\/uploads\\\/2021\\\/02\\\/burger1.jpg&quot;}],&quot;background_slideshow_ken_burns&quot;:&quot;yes&quot;,&quot;background_slideshow_loop&quot;:&quot;yes&quot;,&quot;background_slideshow_slide_duration&quot;:5000,&quot;background_slideshow_slide_transition&quot;:&quot;fade&quot;,&quot;background_slideshow_transition_duration&quot;:500,&quot;background_slideshow_ken_burns_zoom_direction&quot;:&quot;in&quot;}\">\n\t\t\t\t\t\t\t<div class=\"elementor-background-overlay\"><\/div>\n\t\t\t\t\t\t\t<div class=\"elementor-container elementor-column-gap-default\">\n\t\t\t\t\t<div class=\"elementor-column elementor-col-100 elementor-top-column elementor-element elementor-element-27d22f2d\" data-id=\"27d22f2d\" data-element_type=\"column\">\n\t\t\t<div class=\"elementor-widget-wrap elementor-element-populated\">\n\t\t\t\t\t\t<div class=\"elementor-element elementor-element-2e2ded0 elementor-invisible elementor-widget elementor-widget-elementskit-heading\" data-id=\"2e2ded0\" data-element_type=\"widget\" data-settings=\"{&quot;_animation&quot;:&quot;bounceInDown&quot;}\" data-widget_type=\"elementskit-heading.default\">\n\t\t\t\t<div class=\"elementor-widget-container\">\n\t\t\t<div class=\"ekit-wid-con\" ><div class=\"ekit-heading elementskit-section-title-wraper center   ekit_heading_tablet-   ekit_heading_mobile-\"><h3 class=\"elementskit-section-subtitle  \">\n\t\t\t\t\t\tSaveurs &amp; Gourmandises\n\t\t\t\t\t<\/h3><h2 class=\"ekit-heading--title elementskit-section-title \">A Emporter<\/h2>\t\t\t\t<div class='ekit-heading__description'>\n\t\t\t\t\t<p><span class=\"ILfuVd NA6bn\"><span class=\"e24Kjd\"><img decoding=\"async\" class=\"aligncenter wp-image-157\" src=\"http:\/\/traiteur-saveursetgourmandises.fr\/wp-content\/uploads\/2020\/06\/marmite-300x268.png\" alt=\"\" width=\"103\" height=\"92\" srcset=\"https:\/\/traiteur-saveursetgourmandises.fr\/wp-content\/uploads\/2020\/06\/marmite-300x268.png 300w, https:\/\/traiteur-saveursetgourmandises.fr\/wp-content\/uploads\/2020\/06\/marmite.png 400w\" sizes=\"(max-width: 103px) 100vw, 103px\" \/><\/span><\/span><\/p>\n<p>\" Des Plats uniques de saison \"<br \/>.....<\/p>\n\t\t\t\t<\/div>\n\t\t\t<\/div><\/div>\t\t<\/div>\n\t\t\t\t<\/div>\n\t\t\t\t\t<\/div>\n\t\t<\/div>\n\t\t\t\t\t<\/div>\n\t\t<\/section>\n\t\t\t\t<section class=\"elementor-section elementor-top-section elementor-element elementor-element-2b9ac45 elementor-section-boxed elementor-section-height-default elementor-section-height-default\" data-id=\"2b9ac45\" data-element_type=\"section\">\n\t\t\t\t\t\t<div class=\"elementor-container elementor-column-gap-default\">\n\t\t\t\t\t<div class=\"elementor-column elementor-col-100 elementor-top-column elementor-element elementor-element-13ae32c\" data-id=\"13ae32c\" data-element_type=\"column\">\n\t\t\t<div class=\"elementor-widget-wrap\">\n\t\t\t\t\t\t\t<\/div>\n\t\t<\/div>\n\t\t\t\t\t<\/div>\n\t\t<\/section>\n\t\t\t\t<section class=\"elementor-section elementor-top-section elementor-element elementor-element-2755590 elementor-section-boxed elementor-section-height-default elementor-section-height-default\" data-id=\"2755590\" data-element_type=\"section\">\n\t\t\t\t\t\t<div class=\"elementor-container elementor-column-gap-default\">\n\t\t\t\t\t<div class=\"elementor-column elementor-col-50 elementor-top-column elementor-element elementor-element-31ab742\" data-id=\"31ab742\" data-element_type=\"column\">\n\t\t\t<div class=\"elementor-widget-wrap elementor-element-populated\">\n\t\t\t\t\t\t<div class=\"elementor-element elementor-element-35fc7c2 elementor-widget elementor-widget-text-editor\" data-id=\"35fc7c2\" data-element_type=\"widget\" data-widget_type=\"text-editor.default\">\n\t\t\t\t<div class=\"elementor-widget-container\">\n\t\t\t\t\t\t\t<p>\u00a0<\/p><p><strong><span style=\"color: #ff9900;\">Saveurs &amp; Gourmandises<\/span><\/strong> est expert dans les services de traiteur pour les gourmands .<\/p><p><strong>Nous nous occupons de l\u2019organisation de la vente \u00e0 emporter<\/strong>. Nous proposons des ventes de burgers toute l&rsquo;ann\u00e9e .Tous les midis et le dimanche soir de 19h00 \u00e0 21h00. Possibilit\u00e9 de commander aussi le midi pour les avoir le soir <\/p><p><strong>DES SERVICES SUR-MESURE<\/strong><br \/>Des plats \u00e0 emporter tous les jours ainsi que les samedis et les dimanches midi avec des produits frais et locaux.<\/p><p>nous nous adaptons en toute circonstance !<\/p><p>\u00a0<\/p>\t\t\t\t\t\t<\/div>\n\t\t\t\t<\/div>\n\t\t\t\t\t<\/div>\n\t\t<\/div>\n\t\t\t\t<div class=\"elementor-column elementor-col-50 elementor-top-column elementor-element elementor-element-8474aca\" data-id=\"8474aca\" data-element_type=\"column\">\n\t\t\t<div class=\"elementor-widget-wrap elementor-element-populated\">\n\t\t\t\t\t\t<div class=\"elementor-element elementor-element-43c3db7 elementor-widget elementor-widget-image\" data-id=\"43c3db7\" data-element_type=\"widget\" data-widget_type=\"image.default\">\n\t\t\t\t<div class=\"elementor-widget-container\">\n\t\t\t\t\t\t\t\t\t\t\t\t\t<img fetchpriority=\"high\" decoding=\"async\" width=\"640\" height=\"676\" src=\"https:\/\/traiteur-saveursetgourmandises.fr\/wp-content\/uploads\/2023\/02\/20230207_143726-969x1024.jpg\" class=\"attachment-large size-large wp-image-802\" alt=\"\" srcset=\"https:\/\/traiteur-saveursetgourmandises.fr\/wp-content\/uploads\/2023\/02\/20230207_143726-969x1024.jpg 969w, https:\/\/traiteur-saveursetgourmandises.fr\/wp-content\/uploads\/2023\/02\/20230207_143726-284x300.jpg 284w, https:\/\/traiteur-saveursetgourmandises.fr\/wp-content\/uploads\/2023\/02\/20230207_143726-768x812.jpg 768w, https:\/\/traiteur-saveursetgourmandises.fr\/wp-content\/uploads\/2023\/02\/20230207_143726-1454x1536.jpg 1454w, https:\/\/traiteur-saveursetgourmandises.fr\/wp-content\/uploads\/2023\/02\/20230207_143726-1938x2048.jpg 1938w\" sizes=\"(max-width: 640px) 100vw, 640px\" \/>\t\t\t\t\t\t\t\t\t\t\t\t\t<\/div>\n\t\t\t\t<\/div>\n\t\t\t\t\t<\/div>\n\t\t<\/div>\n\t\t\t\t\t<\/div>\n\t\t<\/section>\n\t\t\t\t<section class=\"elementor-section elementor-top-section elementor-element elementor-element-1c5016b elementor-section-full_width elementor-section-height-default elementor-section-height-default\" data-id=\"1c5016b\" data-element_type=\"section\">\n\t\t\t\t\t\t<div class=\"elementor-container elementor-column-gap-default\">\n\t\t\t\t\t<div class=\"elementor-column elementor-col-100 elementor-top-column elementor-element elementor-element-ef66769\" data-id=\"ef66769\" data-element_type=\"column\">\n\t\t\t<div class=\"elementor-widget-wrap elementor-element-populated\">\n\t\t\t\t\t\t<div class=\"elementor-element elementor-element-d00d030 elementor-widget elementor-widget-heading\" data-id=\"d00d030\" data-element_type=\"widget\" data-widget_type=\"heading.default\">\n\t\t\t\t<div class=\"elementor-widget-container\">\n\t\t\t<h2 class=\"elementor-heading-title elementor-size-large\"><u>Plats festifs<\/u><br><i>Couscous -Tajine de volaille - Paella-Jambalaya <b><u>-<\/u><\/b>Rougail saucisses- Tartiflette<br>Poulet basquaise - Poulet coco curry<\/i><br><i>Plateaux de charcuterie et Fromage affin\u00e9 \u00e0 partager<\/i><br><i>Et de nombreux plats sur demande<\/i><\/h2>\t\t<\/div>\n\t\t\t\t<\/div>\n\t\t\t\t\t<\/div>\n\t\t<\/div>\n\t\t\t\t\t<\/div>\n\t\t<\/section>\n\t\t\t\t<section class=\"elementor-section elementor-top-section elementor-element elementor-element-284e2cb elementor-section-boxed elementor-section-height-default elementor-section-height-default\" data-id=\"284e2cb\" data-element_type=\"section\">\n\t\t\t\t\t\t<div class=\"elementor-container elementor-column-gap-default\">\n\t\t\t\t\t<div class=\"elementor-column elementor-col-100 elementor-top-column elementor-element elementor-element-9d1e134\" data-id=\"9d1e134\" data-element_type=\"column\">\n\t\t\t<div class=\"elementor-widget-wrap\">\n\t\t\t\t\t\t\t<\/div>\n\t\t<\/div>\n\t\t\t\t\t<\/div>\n\t\t<\/section>\n\t\t\t\t<section class=\"elementor-section elementor-top-section elementor-element elementor-element-217ada96 elementor-section-boxed elementor-section-height-default elementor-section-height-default\" data-id=\"217ada96\" data-element_type=\"section\">\n\t\t\t\t\t\t<div class=\"elementor-container elementor-column-gap-default\">\n\t\t\t\t\t<div class=\"elementor-column elementor-col-100 elementor-top-column elementor-element elementor-element-3362e89e\" data-id=\"3362e89e\" data-element_type=\"column\">\n\t\t\t<div class=\"elementor-widget-wrap elementor-element-populated\">\n\t\t\t\t\t\t<div class=\"elementor-element elementor-element-5d27e73e animated-slow elementor-invisible elementor-widget elementor-widget-image-carousel\" data-id=\"5d27e73e\" data-element_type=\"widget\" data-settings=\"{&quot;slides_to_show&quot;:&quot;6&quot;,&quot;navigation&quot;:&quot;none&quot;,&quot;pause_on_hover&quot;:&quot;no&quot;,&quot;pause_on_interaction&quot;:&quot;no&quot;,&quot;autoplay_speed&quot;:1130,&quot;image_spacing_custom&quot;:{&quot;unit&quot;:&quot;px&quot;,&quot;size&quot;:10,&quot;sizes&quot;:[]},&quot;_animation&quot;:&quot;zoomInDown&quot;,&quot;slides_to_scroll&quot;:&quot;2&quot;,&quot;autoplay&quot;:&quot;yes&quot;,&quot;infinite&quot;:&quot;yes&quot;,&quot;speed&quot;:500,&quot;image_spacing_custom_tablet&quot;:{&quot;unit&quot;:&quot;px&quot;,&quot;size&quot;:&quot;&quot;,&quot;sizes&quot;:[]},&quot;image_spacing_custom_mobile&quot;:{&quot;unit&quot;:&quot;px&quot;,&quot;size&quot;:&quot;&quot;,&quot;sizes&quot;:[]}}\" data-widget_type=\"image-carousel.default\">\n\t\t\t\t<div class=\"elementor-widget-container\">\n\t\t\t\t\t<div class=\"elementor-image-carousel-wrapper swiper\" dir=\"ltr\">\n\t\t\t<div class=\"elementor-image-carousel swiper-wrapper\" aria-live=\"off\">\n\t\t\t\t\t\t\t\t<div class=\"swiper-slide\" role=\"group\" aria-roledescription=\"slide\" aria-label=\"1 sur 9\"><figure class=\"swiper-slide-inner\"><img decoding=\"async\" class=\"swiper-slide-image\" src=\"https:\/\/traiteur-saveursetgourmandises.fr\/wp-content\/uploads\/elementor\/thumbs\/20210714_142254-scaled-pa7ffknayzwf9v2zrh175nd9m1i1w3deanq6wbhh6s.jpg\" alt=\"Paella\" \/><figcaption class=\"elementor-image-carousel-caption\">Paella<\/figcaption><\/figure><\/div><div class=\"swiper-slide\" role=\"group\" aria-roledescription=\"slide\" aria-label=\"2 sur 9\"><figure class=\"swiper-slide-inner\"><img decoding=\"async\" class=\"swiper-slide-image\" src=\"https:\/\/traiteur-saveursetgourmandises.fr\/wp-content\/uploads\/elementor\/thumbs\/image000000148-pcswucek8tncmd0nzsf5t5xemf20tkexv3lc503k1w.jpg\" alt=\"Paella\" \/><figcaption class=\"elementor-image-carousel-caption\">Paella<\/figcaption><\/figure><\/div><div class=\"swiper-slide\" role=\"group\" aria-roledescription=\"slide\" aria-label=\"3 sur 9\"><figure class=\"swiper-slide-inner\"><img decoding=\"async\" class=\"swiper-slide-image\" src=\"https:\/\/traiteur-saveursetgourmandises.fr\/wp-content\/uploads\/elementor\/thumbs\/20191005_180314-scaled-pcrjaz61mocp47gjlx3046vwqp1quykhc8z3fobdc4.jpg\" alt=\"Jambalaya\" \/><figcaption class=\"elementor-image-carousel-caption\">Jambalaya<\/figcaption><\/figure><\/div><div class=\"swiper-slide\" role=\"group\" aria-roledescription=\"slide\" aria-label=\"4 sur 9\"><figure class=\"swiper-slide-inner\"><img decoding=\"async\" class=\"swiper-slide-image\" src=\"https:\/\/traiteur-saveursetgourmandises.fr\/wp-content\/uploads\/elementor\/thumbs\/1-pcswpuqblbi15fji7ujbwaq4g56w1ml3wvdtler9s4.jpg\" alt=\"Rougail sauciises\" \/><figcaption class=\"elementor-image-carousel-caption\">Rougail sauciises<\/figcaption><\/figure><\/div><div class=\"swiper-slide\" role=\"group\" aria-roledescription=\"slide\" aria-label=\"5 sur 9\"><figure class=\"swiper-slide-inner\"><img decoding=\"async\" class=\"swiper-slide-image\" src=\"https:\/\/traiteur-saveursetgourmandises.fr\/wp-content\/uploads\/elementor\/thumbs\/2.-pcswpyhocnn6fve1lw5u69rytoocwf019dzriilp38.jpg\" alt=\"L\u00e9gumes couscous\" \/><figcaption class=\"elementor-image-carousel-caption\">L\u00e9gumes couscous<\/figcaption><\/figure><\/div><div class=\"swiper-slide\" role=\"group\" aria-roledescription=\"slide\" aria-label=\"6 sur 9\"><figure class=\"swiper-slide-inner\"><img decoding=\"async\" class=\"swiper-slide-image\" src=\"https:\/\/traiteur-saveursetgourmandises.fr\/wp-content\/uploads\/elementor\/thumbs\/2-pcswq36vattm1x77ug6z0ql9sm16ywioy196wweq84.jpg\" alt=\"Couscous royal\" \/><figcaption class=\"elementor-image-carousel-caption\">Couscous royal<\/figcaption><\/figure><\/div><div class=\"swiper-slide\" role=\"group\" aria-roledescription=\"slide\" aria-label=\"7 sur 9\"><figure class=\"swiper-slide-inner\"><img decoding=\"async\" class=\"swiper-slide-image\" src=\"https:\/\/traiteur-saveursetgourmandises.fr\/wp-content\/uploads\/elementor\/thumbs\/20191231_154928-scaled-pcswrjttxjto432rb2y2wdb326tqxybnt9sdse8ojo.jpg\" alt=\"Tartiflette\" \/><figcaption class=\"elementor-image-carousel-caption\">Tartiflette<\/figcaption><\/figure><\/div><div class=\"swiper-slide\" role=\"group\" aria-roledescription=\"slide\" aria-label=\"8 sur 9\"><figure class=\"swiper-slide-inner\"><img decoding=\"async\" class=\"swiper-slide-image\" src=\"https:\/\/traiteur-saveursetgourmandises.fr\/wp-content\/uploads\/elementor\/thumbs\/2224-plde697iwumvugym11j8k2goofm2kcl8tc6sdknadg.webp\" alt=\"Fromage affin\u00e9 et MOF\" \/><figcaption class=\"elementor-image-carousel-caption\">Fromage affin\u00e9 et MOF<\/figcaption><\/figure><\/div><div class=\"swiper-slide\" role=\"group\" aria-roledescription=\"slide\" aria-label=\"9 sur 9\"><figure class=\"swiper-slide-inner\"><img decoding=\"async\" class=\"swiper-slide-image\" src=\"https:\/\/traiteur-saveursetgourmandises.fr\/wp-content\/uploads\/elementor\/thumbs\/2223-plde67buj6kb791cc0pzf2xrhnvc4yds52vtf0q2pw.webp\" alt=\"Charcuterie vari\u00e9\" \/><figcaption class=\"elementor-image-carousel-caption\">Charcuterie vari\u00e9<\/figcaption><\/figure><\/div>\t\t\t<\/div>\n\t\t\t\t\t\t\t\n\t\t\t\t\t\t\t\t\t<\/div>\n\t\t\t\t<\/div>\n\t\t\t\t<\/div>\n\t\t\t\t\t<\/div>\n\t\t<\/div>\n\t\t\t\t\t<\/div>\n\t\t<\/section>\n\t\t\t\t<section class=\"elementor-section elementor-top-section elementor-element elementor-element-6da8ee9 elementor-section-boxed elementor-section-height-default elementor-section-height-default\" data-id=\"6da8ee9\" data-element_type=\"section\">\n\t\t\t\t\t\t<div class=\"elementor-container elementor-column-gap-default\">\n\t\t\t\t\t<div class=\"elementor-column elementor-col-100 elementor-top-column elementor-element elementor-element-547bf73\" data-id=\"547bf73\" data-element_type=\"column\">\n\t\t\t<div class=\"elementor-widget-wrap elementor-element-populated\">\n\t\t\t\t\t\t<div class=\"elementor-element elementor-element-56cac91 elementor-arrows-position-inside elementor-pagination-position-outside elementor-widget elementor-widget-image-carousel\" data-id=\"56cac91\" data-element_type=\"widget\" data-settings=\"{&quot;slides_to_show&quot;:&quot;3&quot;,&quot;slides_to_scroll&quot;:&quot;3&quot;,&quot;navigation&quot;:&quot;both&quot;,&quot;autoplay&quot;:&quot;yes&quot;,&quot;pause_on_hover&quot;:&quot;yes&quot;,&quot;pause_on_interaction&quot;:&quot;yes&quot;,&quot;autoplay_speed&quot;:5000,&quot;infinite&quot;:&quot;yes&quot;,&quot;speed&quot;:500}\" data-widget_type=\"image-carousel.default\">\n\t\t\t\t<div class=\"elementor-widget-container\">\n\t\t\t\t\t<div class=\"elementor-image-carousel-wrapper swiper\" dir=\"ltr\">\n\t\t\t<div class=\"elementor-image-carousel swiper-wrapper\" aria-live=\"off\">\n\t\t\t\t\t\t\t\t<div class=\"swiper-slide\" role=\"group\" aria-roledescription=\"slide\" aria-label=\"1 sur 6\"><figure class=\"swiper-slide-inner\"><img decoding=\"async\" class=\"swiper-slide-image\" src=\"https:\/\/traiteur-saveursetgourmandises.fr\/wp-content\/uploads\/2022\/05\/20220417_091155-225x300.jpg\" alt=\"Duo de poisson froid\" \/><\/figure><\/div><div class=\"swiper-slide\" role=\"group\" aria-roledescription=\"slide\" aria-label=\"2 sur 6\"><figure class=\"swiper-slide-inner\"><img decoding=\"async\" class=\"swiper-slide-image\" src=\"https:\/\/traiteur-saveursetgourmandises.fr\/wp-content\/uploads\/2022\/05\/20220424_102716-300x225.jpg\" alt=\"Terrine et charcuterie\" \/><\/figure><\/div><div class=\"swiper-slide\" role=\"group\" aria-roledescription=\"slide\" aria-label=\"3 sur 6\"><figure class=\"swiper-slide-inner\"><img decoding=\"async\" class=\"swiper-slide-image\" src=\"https:\/\/traiteur-saveursetgourmandises.fr\/wp-content\/uploads\/2022\/05\/20220508_100503-225x300.jpg\" alt=\"Salede vendeenne, pecheur, piemontaise, perl au saumpn\" \/><\/figure><\/div><div class=\"swiper-slide\" role=\"group\" aria-roledescription=\"slide\" aria-label=\"4 sur 6\"><figure class=\"swiper-slide-inner\"><img decoding=\"async\" class=\"swiper-slide-image\" src=\"https:\/\/traiteur-saveursetgourmandises.fr\/wp-content\/uploads\/2022\/05\/20220508_094236-225x300.jpg\" alt=\"Viande froide\" \/><\/figure><\/div><div class=\"swiper-slide\" role=\"group\" aria-roledescription=\"slide\" aria-label=\"5 sur 6\"><figure class=\"swiper-slide-inner\"><img decoding=\"async\" class=\"swiper-slide-image\" src=\"https:\/\/traiteur-saveursetgourmandises.fr\/wp-content\/uploads\/2022\/05\/20220508_094223-225x300.jpg\" alt=\"viande froide\" \/><\/figure><\/div><div class=\"swiper-slide\" role=\"group\" aria-roledescription=\"slide\" aria-label=\"6 sur 6\"><figure class=\"swiper-slide-inner\"><img decoding=\"async\" class=\"swiper-slide-image\" src=\"https:\/\/traiteur-saveursetgourmandises.fr\/wp-content\/uploads\/2022\/05\/20220508_100516-225x300.jpg\" alt=\"20220508_100516\" \/><\/figure><\/div>\t\t\t<\/div>\n\t\t\t\t\t\t\t\t\t\t\t\t<div class=\"elementor-swiper-button elementor-swiper-button-prev\" role=\"button\" tabindex=\"0\">\n\t\t\t\t\t\t<i aria-hidden=\"true\" class=\"eicon-chevron-left\"><\/i>\t\t\t\t\t<\/div>\n\t\t\t\t\t<div class=\"elementor-swiper-button elementor-swiper-button-next\" role=\"button\" tabindex=\"0\">\n\t\t\t\t\t\t<i aria-hidden=\"true\" class=\"eicon-chevron-right\"><\/i>\t\t\t\t\t<\/div>\n\t\t\t\t\n\t\t\t\t\t\t\t\t\t<div class=\"swiper-pagination\"><\/div>\n\t\t\t\t\t\t\t\t\t<\/div>\n\t\t\t\t<\/div>\n\t\t\t\t<\/div>\n\t\t\t\t\t<\/div>\n\t\t<\/div>\n\t\t\t\t\t<\/div>\n\t\t<\/section>\n\t\t\t\t<\/div>\n\t\t","protected":false},"excerpt":{"rendered":"<p>Saveurs &amp; Gourmandises A Emporter \u00a0\u00bb Des Plats uniques de saison \u00ab\u00a0&#8230;.. \u00a0 Saveurs &amp; Gourmandises est expert dans les services de traiteur pour les gourmands . Nous nous occupons de l\u2019organisation de la vente \u00e0 emporter. Nous proposons des&#8230;<\/p>\n","protected":false},"author":2,"featured_media":0,"parent":0,"menu_order":0,"comment_status":"closed","ping_status":"closed","template":"","meta":[],"yoast_head":"<!-- This site is optimized with the Yoast SEO plugin v21.8.1 - https:\/\/yoast.com\/wordpress\/plugins\/seo\/ -->\n<title>A Emporter - Saveurs et Gourmandises<\/title>\n<meta name=\"robots\" content=\"index, follow, max-snippet:-1, max-image-preview:large, max-video-preview:-1\" \/>\n<link rel=\"canonical\" href=\"https:\/\/traiteur-saveursetgourmandises.fr\/index.php\/a-emporter\/\" \/>\n<meta property=\"og:locale\" content=\"fr_FR\" \/>\n<meta property=\"og:type\" content=\"article\" \/>\n<meta property=\"og:title\" content=\"A Emporter - Saveurs et Gourmandises\" \/>\n<meta property=\"og:description\" content=\"Saveurs &amp; Gourmandises A Emporter \u00a0\u00bb Des Plats uniques de saison \u00ab\u00a0&#8230;.. \u00a0 Saveurs &amp; Gourmandises est expert dans les services de traiteur pour les gourmands . Nous nous occupons de l\u2019organisation de la vente \u00e0 emporter. Nous proposons des...\" \/>\n<meta property=\"og:url\" content=\"https:\/\/traiteur-saveursetgourmandises.fr\/index.php\/a-emporter\/\" \/>\n<meta property=\"og:site_name\" content=\"Saveurs et Gourmandises\" \/>\n<meta property=\"article:modified_time\" content=\"2023-02-07T14:04:47+00:00\" \/>\n<meta property=\"og:image\" content=\"http:\/\/traiteur-saveursetgourmandises.fr\/wp-content\/uploads\/2020\/06\/marmite-300x268.png\" \/>\n<meta name=\"twitter:card\" content=\"summary_large_image\" \/>\n<meta name=\"twitter:label1\" content=\"Dur\u00e9e de lecture estim\u00e9e\" \/>\n\t<meta name=\"twitter:data1\" content=\"8 minutes\" \/>\n<script type=\"application\/ld+json\" class=\"yoast-schema-graph\">{\"@context\":\"https:\/\/schema.org\",\"@graph\":[{\"@type\":\"WebPage\",\"@id\":\"https:\/\/traiteur-saveursetgourmandises.fr\/index.php\/a-emporter\/\",\"url\":\"https:\/\/traiteur-saveursetgourmandises.fr\/index.php\/a-emporter\/\",\"name\":\"A Emporter - Saveurs et Gourmandises\",\"isPartOf\":{\"@id\":\"https:\/\/traiteur-saveursetgourmandises.fr\/#website\"},\"datePublished\":\"2021-02-09T13:17:24+00:00\",\"dateModified\":\"2023-02-07T14:04:47+00:00\",\"breadcrumb\":{\"@id\":\"https:\/\/traiteur-saveursetgourmandises.fr\/index.php\/a-emporter\/#breadcrumb\"},\"inLanguage\":\"fr-FR\",\"potentialAction\":[{\"@type\":\"ReadAction\",\"target\":[\"https:\/\/traiteur-saveursetgourmandises.fr\/index.php\/a-emporter\/\"]}]},{\"@type\":\"BreadcrumbList\",\"@id\":\"https:\/\/traiteur-saveursetgourmandises.fr\/index.php\/a-emporter\/#breadcrumb\",\"itemListElement\":[{\"@type\":\"ListItem\",\"position\":1,\"name\":\"Accueil\",\"item\":\"https:\/\/traiteur-saveursetgourmandises.fr\/\"},{\"@type\":\"ListItem\",\"position\":2,\"name\":\"A Emporter\"}]},{\"@type\":\"WebSite\",\"@id\":\"https:\/\/traiteur-saveursetgourmandises.fr\/#website\",\"url\":\"https:\/\/traiteur-saveursetgourmandises.fr\/\",\"name\":\"Saveurs et Gourmandises\",\"description\":\"Traiteur en Vend\u00e9e\",\"potentialAction\":[{\"@type\":\"SearchAction\",\"target\":{\"@type\":\"EntryPoint\",\"urlTemplate\":\"https:\/\/traiteur-saveursetgourmandises.fr\/?s={search_term_string}\"},\"query-input\":\"required name=search_term_string\"}],\"inLanguage\":\"fr-FR\"}]}<\/script>\n<!-- \/ Yoast SEO plugin. -->","yoast_head_json":{"title":"A Emporter - Saveurs et Gourmandises","robots":{"index":"index","follow":"follow","max-snippet":"max-snippet:-1","max-image-preview":"max-image-preview:large","max-video-preview":"max-video-preview:-1"},"canonical":"https:\/\/traiteur-saveursetgourmandises.fr\/index.php\/a-emporter\/","og_locale":"fr_FR","og_type":"article","og_title":"A Emporter - Saveurs et Gourmandises","og_description":"Saveurs &amp; Gourmandises A Emporter \u00a0\u00bb Des Plats uniques de saison \u00ab\u00a0&#8230;.. \u00a0 Saveurs &amp; Gourmandises est expert dans les services de traiteur pour les gourmands . Nous nous occupons de l\u2019organisation de la vente \u00e0 emporter. Nous proposons des...","og_url":"https:\/\/traiteur-saveursetgourmandises.fr\/index.php\/a-emporter\/","og_site_name":"Saveurs et Gourmandises","article_modified_time":"2023-02-07T14:04:47+00:00","og_image":[{"url":"http:\/\/traiteur-saveursetgourmandises.fr\/wp-content\/uploads\/2020\/06\/marmite-300x268.png"}],"twitter_card":"summary_large_image","twitter_misc":{"Dur\u00e9e de lecture estim\u00e9e":"8 minutes"},"schema":{"@context":"https:\/\/schema.org","@graph":[{"@type":"WebPage","@id":"https:\/\/traiteur-saveursetgourmandises.fr\/index.php\/a-emporter\/","url":"https:\/\/traiteur-saveursetgourmandises.fr\/index.php\/a-emporter\/","name":"A Emporter - Saveurs et Gourmandises","isPartOf":{"@id":"https:\/\/traiteur-saveursetgourmandises.fr\/#website"},"datePublished":"2021-02-09T13:17:24+00:00","dateModified":"2023-02-07T14:04:47+00:00","breadcrumb":{"@id":"https:\/\/traiteur-saveursetgourmandises.fr\/index.php\/a-emporter\/#breadcrumb"},"inLanguage":"fr-FR","potentialAction":[{"@type":"ReadAction","target":["https:\/\/traiteur-saveursetgourmandises.fr\/index.php\/a-emporter\/"]}]},{"@type":"BreadcrumbList","@id":"https:\/\/traiteur-saveursetgourmandises.fr\/index.php\/a-emporter\/#breadcrumb","itemListElement":[{"@type":"ListItem","position":1,"name":"Accueil","item":"https:\/\/traiteur-saveursetgourmandises.fr\/"},{"@type":"ListItem","position":2,"name":"A Emporter"}]},{"@type":"WebSite","@id":"https:\/\/traiteur-saveursetgourmandises.fr\/#website","url":"https:\/\/traiteur-saveursetgourmandises.fr\/","name":"Saveurs et Gourmandises","description":"Traiteur en Vend\u00e9e","potentialAction":[{"@type":"SearchAction","target":{"@type":"EntryPoint","urlTemplate":"https:\/\/traiteur-saveursetgourmandises.fr\/?s={search_term_string}"},"query-input":"required name=search_term_string"}],"inLanguage":"fr-FR"}]}},"_links":{"self":[{"href":"https:\/\/traiteur-saveursetgourmandises.fr\/index.php\/wp-json\/wp\/v2\/pages\/371"}],"collection":[{"href":"https:\/\/traiteur-saveursetgourmandises.fr\/index.php\/wp-json\/wp\/v2\/pages"}],"about":[{"href":"https:\/\/traiteur-saveursetgourmandises.fr\/index.php\/wp-json\/wp\/v2\/types\/page"}],"author":[{"embeddable":true,"href":"https:\/\/traiteur-saveursetgourmandises.fr\/index.php\/wp-json\/wp\/v2\/users\/2"}],"replies":[{"embeddable":true,"href":"https:\/\/traiteur-saveursetgourmandises.fr\/index.php\/wp-json\/wp\/v2\/comments?post=371"}],"version-history":[{"count":66,"href":"https:\/\/traiteur-saveursetgourmandises.fr\/index.php\/wp-json\/wp\/v2\/pages\/371\/revisions"}],"predecessor-version":[{"id":837,"href":"https:\/\/traiteur-saveursetgourmandises.fr\/index.php\/wp-json\/wp\/v2\/pages\/371\/revisions\/837"}],"wp:attachment":[{"href":"https:\/\/traiteur-saveursetgourmandises.fr\/index.php\/wp-json\/wp\/v2\/media?parent=371"}],"curies":[{"name":"wp","href":"https:\/\/api.w.org\/{rel}","templated":true}]}}